{"id":530,"date":"2024-01-15T13:23:47","date_gmt":"2024-01-15T12:23:47","guid":{"rendered":"https:\/\/repairlab.unige.ch\/?page_id=530"},"modified":"2024-01-18T15:51:04","modified_gmt":"2024-01-18T14:51:04","slug":"archives","status":"publish","type":"page","link":"https:\/\/repairlab.unige.ch\/?page_id=530","title":{"rendered":"Archives"},"content":{"rendered":"<style type='text\/css' media='all'>#rt-tpg-container-2790322940 .rt-holder .rt-woo-info .price{color:#0367bf;}body .rt-tpg-container .rt-tpg-isotope-buttons .selected,\r\n\t\t\t\t\t#rt-tpg-container-2790322940 .layout12 .rt-holder:hover .rt-detail,\r\n\t\t\t\t\t#rt-tpg-container-2790322940 .isotope8 .rt-holder:hover .rt-detail,\r\n\t\t\t\t\t#rt-tpg-container-2790322940 .carousel8 .rt-holder:hover .rt-detail,\r\n\t\t\t\t\t#rt-tpg-container-2790322940 .layout13 .rt-holder .overlay .post-info,\r\n\t\t\t\t\t#rt-tpg-container-2790322940 .isotope9 .rt-holder .overlay .post-info,\r\n\t\t\t\t\t#rt-tpg-container-2790322940.rt-tpg-container .layout4 .rt-holder .rt-detail,\r\n\t\t\t\t\t.rt-modal-2790322940 .md-content,\r\n\t\t\t\t\t.rt-modal-2790322940 .md-content > .rt-md-content-holder .rt-md-content,\r\n\t\t\t\t\t.rt-popup-wrap-2790322940.rt-popup-wrap .rt-popup-navigation-wrap,\r\n\t\t\t\t\t#rt-tpg-container-2790322940 .carousel9 .rt-holder .overlay .post-info{background-color:#0367bf;}#rt-tpg-container-2790322940 .layout5 .rt-holder .overlay, #rt-tpg-container-2790322940 .isotope2 .rt-holder .overlay, #rt-tpg-container-2790322940 .carousel2 .rt-holder .overlay,#rt-tpg-container-2790322940 .layout15 .rt-holder h3, #rt-tpg-container-2790322940 .isotope11 .rt-holder h3, #rt-tpg-container-2790322940 .carousel11 .rt-holder h3, #rt-tpg-container-2790322940 .layout16 .rt-holder h3,\r\n\t\t\t\t\t#rt-tpg-container-2790322940 .isotope12 .rt-holder h3, #rt-tpg-container-2790322940 .carousel12 .rt-holder h3 {background-color:rgba(3,103,191,0.8);}#rt-tpg-container-2790322940 .read-more a{border-radius:px;}#rt-tpg-container-2790322940 .rt-img-holder img.rt-img-responsive,#rt-tpg-container-2790322940 .rt-img-holder,\r\n\t\t\t\t\t#rt-tpg-container-2790322940 .rt-post-overlay .post-img,\r\n\t\t\t\t\t#rt-tpg-container-2790322940 .post-sm .post-img,\r\n\t\t\t\t\t#rt-tpg-container-2790322940 .rt-post-grid .post-img,\r\n\t\t\t\t\t#rt-tpg-container-2790322940 .post-img img {border-radius:px;}<\/style><div class='rt-container-fluid rt-tpg-container tpg-shortcode-main-wrapper ' id='rt-tpg-container-2790322940'   data-layout='layout1' data-grid-style='even' data-desktop-col='3'  data-tab-col='2'  data-mobile-col='1' data-sc-id='591'><div data-title='Loading ...' class='rt-row rt-content-loader   layout1 tpg-even '><div class=\"rt-col-md-4 rt-col-sm-6 rt-col-xs-12 even-grid-item rt-grid-item\" data-id=\"798\"><div class=\"rt-holder\"><div class=\"rt-img-holder\"><a data-id=\"798\" class=\"\" href=\"https:\/\/repairlab.unige.ch\/?p=798\"><img width=\"2560\" height=\"1919\" src=\"https:\/\/repairlab.unige.ch\/wp-content\/uploads\/2026\/04\/PICT0111-scaled.jpg\" class=\"rt-img-responsive \" alt=\"\" \/><\/a><\/div><div class='rt-detail'><h3 class=\"entry-title\"><a data-id=\"798\" class=\"\" href=\"https:\/\/repairlab.unige.ch\/?p=798\">Circuit Bending: Quand l&#8217;art et l&#8217;\u00e9lectronique se rencontrent<\/a><\/h3><div class='post-meta-user  '><span class='date'><i class='far fa-calendar-alt '><\/i>14 avril 2026<\/span><span class=\"comment-count\"><i class='fas fa-comments '><\/i><a href='https:\/\/repairlab.unige.ch\/?p=798#respond'>(0) <\/a><\/span><\/div><div class='tpg-excerpt'>Les jouets pour enfant, une porte facile vers le Circuit Bending Le r\u00e9sultat Voici quelques images prises avec l&#8217;appareil photo &#8220;bend\u00e9&#8221;, le r\u00e9sultat ne pla\u00eera probablement pas \u00e0 tout le monde, mais il est certainement plus int\u00e9ressant que ce que l&#8217;appareil d&#8217;origine peut fournir...<\/div><div class='post-meta right'><span class='read-more'><a data-id='798' class='' href='https:\/\/repairlab.unige.ch\/?p=798'>Lire l'article<\/a><\/span><\/div><\/div><\/div><\/div><div class=\"rt-col-md-4 rt-col-sm-6 rt-col-xs-12 even-grid-item rt-grid-item\" data-id=\"787\"><div class=\"rt-holder\"><div class=\"rt-img-holder\"><a data-id=\"787\" class=\"\" href=\"https:\/\/repairlab.unige.ch\/?p=787\"><img width=\"2004\" height=\"1204\" src=\"https:\/\/repairlab.unige.ch\/wp-content\/uploads\/2026\/03\/Kenji.jpg\" class=\"rt-img-responsive \" alt=\"\" \/><\/a><\/div><div class='rt-detail'><h3 class=\"entry-title\"><a data-id=\"787\" class=\"\" href=\"https:\/\/repairlab.unige.ch\/?p=787\">Un nouvel \u00e9tudiant engag\u00e9 au Repair&#8217;Lab<\/a><\/h3><div class='post-meta-user  '><span class='date'><i class='far fa-calendar-alt '><\/i>2 mars 2026<\/span><span class=\"comment-count\"><i class='fas fa-comments '><\/i><a href='https:\/\/repairlab.unige.ch\/?p=787#respond'>(0) <\/a><\/span><\/div><div class='tpg-excerpt'>L&#8217;\u00e9quipe du Repair&#8217;Lab s&#8217;agrandit : nous sommes heureux d\u2019accueillir Kenji Tanaka, \u00e9tudiant en physique, engag\u00e9 \u00e0 20% par la Section de Physique pour soutenir les activit\u00e9s du Repair&#8217;Lab. Kenji a un parcours assez atypique: il a fait un CFC de construction m\u00e9tallique et a encha\u00een\u00e9 avec un bachelor de microtechniques...<\/div><div class='post-meta right'><span class='read-more'><a data-id='787' class='' href='https:\/\/repairlab.unige.ch\/?p=787'>Lire l'article<\/a><\/span><\/div><\/div><\/div><\/div><div class=\"rt-col-md-4 rt-col-sm-6 rt-col-xs-12 even-grid-item rt-grid-item\" data-id=\"774\"><div class=\"rt-holder\"><div class=\"rt-img-holder\"><a data-id=\"774\" class=\"\" href=\"https:\/\/repairlab.unige.ch\/?p=774\"><img width=\"260\" height=\"226\" src=\"https:\/\/repairlab.unige.ch\/wp-content\/uploads\/2026\/02\/464c3ec9150298c01a4953b39486530a.jpg\" class=\"rt-img-responsive \" alt=\"\" \/><\/a><\/div><div class='rt-detail'><h3 class=\"entry-title\"><a data-id=\"774\" class=\"\" href=\"https:\/\/repairlab.unige.ch\/?p=774\">Comment r\u00e9parer son deux-roues?<\/a><\/h3><div class='post-meta-user  '><span class='date'><i class='far fa-calendar-alt '><\/i>24 f\u00e9vrier 2026<\/span><span class=\"comment-count\"><i class='fas fa-comments '><\/i><a href='https:\/\/repairlab.unige.ch\/?p=774#respond'>(0) <\/a><\/span><\/div><div class='tpg-excerpt'>Plongez dans l\u2019univers passionnant de l\u2019auto-r\u00e9paration de v\u00e9lo gr\u00e2ce \u00e0 un cours ouvert \u00e0 tou.te.s, du cycliste d\u00e9butant au plus exp\u00e9riment\u00e9.Le Repair&#8217;Lab a le plaisir d&#8217;accueillir l&#8217;\u00e9quipe d&#8217;Unicycle, qui vous a concoct\u00e9 un super programme de cours d\u00e9marrant le jeudi 26 f\u00e9vrier. Que vous souhaitiez apprendre les bases de l\u2019entretien...<\/div><div class='post-meta right'><span class='read-more'><a data-id='774' class='' href='https:\/\/repairlab.unige.ch\/?p=774'>Lire l'article<\/a><\/span><\/div><\/div><\/div><\/div><div class=\"rt-col-md-4 rt-col-sm-6 rt-col-xs-12 even-grid-item rt-grid-item\" data-id=\"763\"><div class=\"rt-holder\"><div class=\"rt-img-holder\"><a data-id=\"763\" class=\"\" href=\"https:\/\/repairlab.unige.ch\/?p=763\"><img width=\"2000\" height=\"1200\" src=\"https:\/\/repairlab.unige.ch\/wp-content\/uploads\/2026\/01\/Podcast.jpg\" class=\"rt-img-responsive \" alt=\"\" \/><\/a><\/div><div class='rt-detail'><h3 class=\"entry-title\"><a data-id=\"763\" class=\"\" href=\"https:\/\/repairlab.unige.ch\/?p=763\">Au pied du mur &#8211; podcast du Bureau de la transformation<\/a><\/h3><div class='post-meta-user  '><span class='date'><i class='far fa-calendar-alt '><\/i>27 janvier 2026<\/span><span class=\"comment-count\"><i class='fas fa-comments '><\/i><a href='https:\/\/repairlab.unige.ch\/?p=763#respond'>(0) <\/a><\/span><\/div><div class='tpg-excerpt'>Pour d\u00e9couvrir le projet du Repair&#8217;Lab, \u00e9coutez ce podcast, r\u00e9alis\u00e9 et anim\u00e9 par l\u2019incroyable \u00e9quipe du Bureau de la transformation : Guive Khan-Mohammad, et Rapha\u00ebl Th\u00e9z\u00e9, PhD. Dans ce deuxi\u00e8me \u00e9pisode du Podcast &#8220;Au Pied du Mur&#8221;, on parle de main verte, d&#8217;\u00e9lectronique et de robustesse: Si comme nous, vous...<\/div><div class='post-meta right'><span class='read-more'><a data-id='763' class='' href='https:\/\/repairlab.unige.ch\/?p=763'>Lire l'article<\/a><\/span><\/div><\/div><\/div><\/div><div class=\"rt-col-md-4 rt-col-sm-6 rt-col-xs-12 even-grid-item rt-grid-item\" data-id=\"758\"><div class=\"rt-holder\"><div class=\"rt-img-holder\"><a data-id=\"758\" class=\"\" href=\"https:\/\/repairlab.unige.ch\/?p=758\"><img width=\"650\" height=\"300\" src=\"https:\/\/repairlab.unige.ch\/wp-content\/uploads\/2026\/01\/Sans_titre_650_x_400_px_650_x_300_px.png\" class=\"rt-img-responsive \" alt=\"\" \/><\/a><\/div><div class='rt-detail'><h3 class=\"entry-title\"><a data-id=\"758\" class=\"\" href=\"https:\/\/repairlab.unige.ch\/?p=758\">Fresque de l&#8217;IA g\u00e9n\u00e9rative au Repair&#8217;Lab<\/a><\/h3><div class='post-meta-user  '><span class='date'><i class='far fa-calendar-alt '><\/i>21 janvier 2026<\/span><span class=\"comment-count\"><i class='fas fa-comments '><\/i><a href='https:\/\/repairlab.unige.ch\/?p=758#respond'>(0) <\/a><\/span><\/div><div class='tpg-excerpt'>Vous souhaitez mieux &nbsp;comprendre le&nbsp;fonctionnement, l&#8217;ampleur et la complexit\u00e9 des risques li\u00e9s aux outils d&#8217;IA g\u00e9n\u00e9rative? Le&nbsp;Bureau de la Transformation&nbsp;de l\u2019Universit\u00e9 de Gen\u00e8ve vous propose un atelier ludique et collaboratif de 2h &#8211; la&nbsp;Fresque de l\u2019IA g\u00e9n\u00e9rative&nbsp;&#8211; inspir\u00e9e de la Fresque du Climat et de la Fresque du Num\u00e9rique .&nbsp;...<\/div><div class='post-meta right'><span class='read-more'><a data-id='758' class='' href='https:\/\/repairlab.unige.ch\/?p=758'>Lire l'article<\/a><\/span><\/div><\/div><\/div><\/div><div class=\"rt-col-md-4 rt-col-sm-6 rt-col-xs-12 even-grid-item rt-grid-item\" data-id=\"768\"><div class=\"rt-holder\"><div class=\"rt-img-holder\"><a data-id=\"768\" class=\"\" href=\"https:\/\/repairlab.unige.ch\/?p=768\"><img width=\"2040\" height=\"1250\" src=\"https:\/\/repairlab.unige.ch\/wp-content\/uploads\/2026\/02\/SPS.jpg\" class=\"rt-img-responsive \" alt=\"\" \/><\/a><\/div><div class='rt-detail'><h3 class=\"entry-title\"><a data-id=\"768\" class=\"\" href=\"https:\/\/repairlab.unige.ch\/?p=768\">Le Repair&#8217;Lab dans le magazine de la Soci\u00e9t\u00e9 Suisse de Physique<\/a><\/h3><div class='post-meta-user  '><span class='date'><i class='far fa-calendar-alt '><\/i>15 d\u00e9cembre 2025<\/span><span class=\"comment-count\"><i class='fas fa-comments '><\/i><a href='https:\/\/repairlab.unige.ch\/?p=768#respond'>(0) <\/a><\/span><\/div><div class='tpg-excerpt'>Nous avons eu le privil\u00e8ge d\u2019apparaitre en double page du SPG Mitteilungen, le magazine de la Soci\u00e9t\u00e9 Suisse de Physique. D\u00e9couvrez ou red\u00e9couvrez le projet, notre concept, notre public, notre histoire, notre mission, nos objectifs principaux, nos valeurs et notre \u00e9thique &#8211; sans oublier nos partenaires et soutiens. D\u00e9couvrez l&#8217;article...<\/div><div class='post-meta right'><span class='read-more'><a data-id='768' class='' href='https:\/\/repairlab.unige.ch\/?p=768'>Lire l'article<\/a><\/span><\/div><\/div><\/div><\/div><\/div><div class='rt-pagination-wrap' data-total-pages='5' data-posts-per-page='6' data-type='pagination'  ><div class=\"rt-pagination\" ><ul class=\"pagination-list\"><li class=\"active\"><span>1<\/span><\/li><li><a data-paged='2' href='https:\/\/repairlab.unige.ch\/index.php?rest_route=%2Fwp%2Fv2%2Fpages%2F530&#038;paged=2'>2<\/a><\/li><li><a data-paged='3' href='https:\/\/repairlab.unige.ch\/index.php?rest_route=%2Fwp%2Fv2%2Fpages%2F530&#038;paged=3'>3<\/a><\/li><li><a data-paged='4' href='https:\/\/repairlab.unige.ch\/index.php?rest_route=%2Fwp%2Fv2%2Fpages%2F530&#038;paged=4'>4<\/a><\/li><li><a data-paged='5' href='https:\/\/repairlab.unige.ch\/index.php?rest_route=%2Fwp%2Fv2%2Fpages%2F530&#038;paged=5'>5<\/a><\/li><\/ul><\/div><\/div><\/div>\n","protected":false},"excerpt":{"rendered":"","protected":false},"author":1,"featured_media":0,"parent":0,"menu_order":0,"comment_status":"closed","ping_status":"closed","template":"","meta":{"neve_meta_sidebar":"","neve_meta_container":"","neve_meta_enable_content_width":"","neve_meta_content_width":0,"neve_meta_title_alignment":"","neve_meta_author_avatar":"","neve_post_elements_order":"","neve_meta_disable_header":"","neve_meta_disable_footer":"","neve_meta_disable_title":"","_themeisle_gutenberg_block_has_review":false,"_ti_tpc_template_sync":false,"_ti_tpc_template_id":""},"rttpg_featured_image_url":null,"rttpg_author":{"display_name":"repairlab","author_link":"https:\/\/repairlab.unige.ch\/?author=1"},"rttpg_comment":0,"rttpg_category":"","rttpg_excerpt":null,"_links":{"self":[{"href":"https:\/\/repairlab.unige.ch\/index.php?rest_route=\/wp\/v2\/pages\/530"}],"collection":[{"href":"https:\/\/repairlab.unige.ch\/index.php?rest_route=\/wp\/v2\/pages"}],"about":[{"href":"https:\/\/repairlab.unige.ch\/index.php?rest_route=\/wp\/v2\/types\/page"}],"author":[{"embeddable":true,"href":"https:\/\/repairlab.unige.ch\/index.php?rest_route=\/wp\/v2\/users\/1"}],"replies":[{"embeddable":true,"href":"https:\/\/repairlab.unige.ch\/index.php?rest_route=%2Fwp%2Fv2%2Fcomments&post=530"}],"version-history":[{"count":2,"href":"https:\/\/repairlab.unige.ch\/index.php?rest_route=\/wp\/v2\/pages\/530\/revisions"}],"predecessor-version":[{"id":592,"href":"https:\/\/repairlab.unige.ch\/index.php?rest_route=\/wp\/v2\/pages\/530\/revisions\/592"}],"wp:attachment":[{"href":"https:\/\/repairlab.unige.ch\/index.php?rest_route=%2Fwp%2Fv2%2Fmedia&parent=530"}],"curies":[{"name":"wp","href":"https:\/\/api.w.org\/{rel}","templated":true}]}}